{"id":112,"date":"2017-02-24T14:49:32","date_gmt":"2017-02-24T13:49:32","guid":{"rendered":"http:\/\/ammoto.eu\/?page_id=112"},"modified":"2024-05-03T06:55:28","modified_gmt":"2024-05-03T04:55:28","slug":"nase-skutre","status":"publish","type":"page","link":"https:\/\/ammoto.eu\/?page_id=112","title":{"rendered":"Nab\u00eddka sk\u00fatr\u016f"},"content":{"rendered":"<div id=\"attachment_417\" style=\"width: 216px\" class=\"wp-caption alignleft\"><img loading=\"lazy\" decoding=\"async\" aria-describedby=\"caption-attachment-417\" class=\"wp-image-417 \" src=\"http:\/\/ammoto.eu\/wp-content\/uploads\/2017\/04\/IMG_20170331_162044-169x300.jpg\" alt=\"\" width=\"206\" height=\"366\" srcset=\"https:\/\/ammoto.eu\/wp-content\/uploads\/2017\/04\/IMG_20170331_162044-169x300.jpg 169w, https:\/\/ammoto.eu\/wp-content\/uploads\/2017\/04\/IMG_20170331_162044-768x1365.jpg 768w, https:\/\/ammoto.eu\/wp-content\/uploads\/2017\/04\/IMG_20170331_162044-576x1024.jpg 576w\" sizes=\"auto, (max-width: 206px) 100vw, 206px\" \/><p id=\"caption-attachment-417\" class=\"wp-caption-text\"><span style=\"font-size: 14pt;\"><strong>Keeway Cityblade 125<\/strong><\/span><\/p><\/div>\n<p>Hbit\u00fd sk\u00fatr do m\u011bsta i na del\u0161\u00ed vzd\u00e1lenost s velmi n\u00edzkou spot\u0159ebou.<\/p>\n<div class=\"mceTemp\">\n<table style=\"width: 344px;\">\n<tbody>\n<tr style=\"height: 25px;\">\n<td style=\"width: 190px; height: 25px;\"><strong>Technick\u00e9 parametry:<\/strong><\/td>\n<td style=\"width: 147px; height: 25px;\">\u00a0<\/td>\n<\/tr>\n<tr style=\"height: 25px;\">\n<td style=\"width: 190px; height: 25px;\"><span style=\"font-size: 12pt;\">Obsah<\/span><\/td>\n<td style=\"width: 147px; height: 25px;\"><span style=\"font-size: 12pt;\">124 ccm<\/span><\/td>\n<\/tr>\n<tr style=\"height: 25px;\">\n<td style=\"width: 190px; height: 25px;\"><span style=\"font-size: 12pt;\">V\u00fdkon<\/span><\/td>\n<td style=\"width: 147px; height: 25px;\"><span style=\"font-size: 12pt;\">7 kW \/ 8 000 rpm<\/span><\/td>\n<\/tr>\n<tr style=\"height: 25px;\">\n<td style=\"width: 190px; height: 25px;\"><span style=\"font-size: 12pt;\">P\u0159evodovka<\/span><\/td>\n<td style=\"width: 147px; height: 25px;\"><span style=\"font-size: 12pt;\">automatick\u00e1\u00a0<\/span><\/td>\n<\/tr>\n<tr style=\"height: 25px;\">\n<td style=\"width: 190px; height: 25px;\"><span style=\"font-size: 12pt;\">Startov\u00e1n\u00ed<\/span><\/td>\n<td style=\"width: 147px; height: 25px;\"><span style=\"font-size: 12pt;\">elektrick\u00e9<\/span><\/td>\n<\/tr>\n<tr style=\"height: 25px;\">\n<td style=\"width: 190px; height: 25px;\"><span style=\"font-size: 12pt;\">Brzdy<\/span><\/td>\n<td style=\"width: 147px; height: 25px;\"><span style=\"font-size: 12pt;\">kotou\u010dov\u00e1 240 kotou\u010dov\u00e1 220<\/span><\/td>\n<\/tr>\n<tr style=\"height: 25px;\">\n<td style=\"width: 190px; height: 25px;\"><span style=\"font-size: 12pt;\">Hmotnost<\/span><\/td>\n<td style=\"width: 147px; height: 25px;\"><span style=\"font-size: 12pt;\">122 kg<\/span><\/td>\n<\/tr>\n<tr style=\"height: 25px;\">\n<td style=\"width: 190px; height: 25px;\"><span style=\"font-size: 12pt;\">Objem n\u00e1dr\u017ee<\/span><\/td>\n<td style=\"width: 147px; height: 25px;\"><span style=\"font-size: 12pt;\">7 l<\/span><\/td>\n<\/tr>\n<\/tbody>\n<\/table>\n<\/div>\n<table style=\"border-collapse: collapse; width: 100%;\">\n<tbody>\n<tr>\n<td style=\"width: 50%;\">\u00a0<\/td>\n<td style=\"width: 50%;\">\u00a0<\/td>\n<\/tr>\n<\/tbody>\n<\/table>\n<div id=\"attachment_419\" style=\"width: 210px\" class=\"wp-caption alignleft\"><img loading=\"lazy\" decoding=\"async\" aria-describedby=\"caption-attachment-419\" class=\"wp-image-419 \" src=\"http:\/\/ammoto.eu\/wp-content\/uploads\/2017\/04\/IMG_20170331_162822-169x300.jpg\" alt=\"\" width=\"200\" height=\"355\" srcset=\"https:\/\/ammoto.eu\/wp-content\/uploads\/2017\/04\/IMG_20170331_162822-169x300.jpg 169w, https:\/\/ammoto.eu\/wp-content\/uploads\/2017\/04\/IMG_20170331_162822-768x1365.jpg 768w, https:\/\/ammoto.eu\/wp-content\/uploads\/2017\/04\/IMG_20170331_162822-576x1024.jpg 576w\" sizes=\"auto, (max-width: 200px) 100vw, 200px\" \/><p id=\"caption-attachment-419\" class=\"wp-caption-text\"><span style=\"font-size: 14pt;\"><strong>Keeway Zahara 125<\/strong><\/span><\/p><\/div>\n<p>Retro sk\u00fatr v pohod\u011b pro dva s velmi n\u00edzkou hmotnost\u00ed.<\/p>\n<table style=\"width: 348px;\">\n<tbody>\n<tr>\n<td style=\"width: 192px;\"><strong>Technick\u00e9 parametry:<\/strong><\/td>\n<td style=\"width: 146px;\">\u00a0<\/td>\n<\/tr>\n<tr>\n<td style=\"width: 192px;\"><span style=\"font-size: 12pt;\">Obsah<\/span><\/td>\n<td style=\"width: 146px;\"><span style=\"font-size: 12pt;\">124,6 ccm<\/span><\/td>\n<\/tr>\n<tr>\n<td style=\"width: 192px;\"><span style=\"font-size: 12pt;\">V\u00fdkon<\/span><\/td>\n<td style=\"width: 146px;\"><span style=\"font-size: 12pt;\">6,3 KW \/ 7,500 rpm<\/span><\/td>\n<\/tr>\n<tr>\n<td style=\"width: 192px;\"><span style=\"font-size: 12pt;\">P\u0159evodovka<\/span><\/td>\n<td style=\"width: 146px;\"><span style=\"font-size: 12pt;\">automatick\u00e1\u00a0<\/span><\/td>\n<\/tr>\n<tr>\n<td style=\"width: 192px;\"><span style=\"font-size: 12pt;\">Startov\u00e1n\u00ed<\/span><\/td>\n<td style=\"width: 146px;\"><span style=\"font-size: 12pt;\">elektrick\u00e9 + no\u017en\u00ed<\/span><\/td>\n<\/tr>\n<tr>\n<td style=\"width: 192px;\"><span style=\"font-size: 12pt;\">Brzdy<\/span><\/td>\n<td style=\"width: 146px;\"><span style=\"font-size: 12pt;\">kotou\u010dov\u00e1<br \/>bubnov\u00e1<\/span><\/td>\n<\/tr>\n<tr>\n<td style=\"width: 192px;\"><span style=\"font-size: 12pt;\">Hmotnost<\/span><\/td>\n<td style=\"width: 146px;\"><span style=\"font-size: 12pt;\">86 kg<\/span><\/td>\n<\/tr>\n<tr>\n<td style=\"width: 192px;\"><span style=\"font-size: 12pt;\">Objem n\u00e1dr\u017ee<\/span><\/td>\n<td style=\"width: 146px;\"><span style=\"font-size: 12pt;\">5 l<\/span><\/td>\n<\/tr>\n<\/tbody>\n<\/table>\n<table style=\"border-collapse: collapse; width: 100%;\">\n<tbody>\n<tr>\n<td style=\"width: 50%;\">\u00a0<\/td>\n<td style=\"width: 50%;\">\u00a0<\/td>\n<\/tr>\n<\/tbody>\n<\/table>\n<div id=\"attachment_417\" style=\"width: 216px\" class=\"wp-caption alignleft\"><img loading=\"lazy\" decoding=\"async\" aria-describedby=\"caption-attachment-417\" class=\"wp-image-417\" src=\"http:\/\/ammoto.eu\/wp-content\/uploads\/2017\/04\/IMG_20170331_162044-169x300.jpg\" alt=\"\" width=\"206\" height=\"366\" srcset=\"https:\/\/ammoto.eu\/wp-content\/uploads\/2017\/04\/IMG_20170331_162044-169x300.jpg 169w, https:\/\/ammoto.eu\/wp-content\/uploads\/2017\/04\/IMG_20170331_162044-768x1365.jpg 768w, https:\/\/ammoto.eu\/wp-content\/uploads\/2017\/04\/IMG_20170331_162044-576x1024.jpg 576w\" sizes=\"auto, (max-width: 206px) 100vw, 206px\" \/><p id=\"caption-attachment-417\" class=\"wp-caption-text\"><span style=\"font-size: 14pt;\"><strong>Keeway Cityblade 125<\/strong><\/span><\/p><\/div>\n<p>Hbit\u00fd sk\u00fatr do m\u011bsta i na del\u0161\u00ed vzd\u00e1lenost s velmi n\u00edzkou spot\u0159ebou.<\/p>\n<table style=\"width: 336px;\">\n<tbody>\n<tr style=\"height: 25px;\">\n<td style=\"width: 190px; height: 25px;\"><strong>Technick\u00e9 parametry:<\/strong><\/td>\n<td style=\"width: 139px; height: 25px;\">\u00a0<\/td>\n<\/tr>\n<tr style=\"height: 25px;\">\n<td style=\"width: 190px; height: 25px;\"><span style=\"font-size: 12pt;\">Obsah<\/span><\/td>\n<td style=\"width: 139px; height: 25px;\"><span style=\"font-size: 12pt;\">124 ccm<\/span><\/td>\n<\/tr>\n<tr style=\"height: 25px;\">\n<td style=\"width: 190px; height: 25px;\"><span style=\"font-size: 12pt;\">V\u00fdkon<\/span><\/td>\n<td style=\"width: 139px; height: 25px;\"><span style=\"font-size: 12pt;\">7 kW \/ 8 000 rpm<\/span><\/td>\n<\/tr>\n<tr style=\"height: 25px;\">\n<td style=\"width: 190px; height: 25px;\"><span style=\"font-size: 12pt;\">P\u0159evodovka<\/span><\/td>\n<td style=\"width: 139px; height: 25px;\"><span style=\"font-size: 12pt;\">automatick\u00e1\u00a0<\/span><\/td>\n<\/tr>\n<tr style=\"height: 25px;\">\n<td style=\"width: 190px; height: 25px;\"><span style=\"font-size: 12pt;\">Startov\u00e1n\u00ed<\/span><\/td>\n<td style=\"width: 139px; height: 25px;\"><span style=\"font-size: 12pt;\">elektrick\u00e9<\/span><\/td>\n<\/tr>\n<tr style=\"height: 25px;\">\n<td style=\"width: 190px; height: 25px;\"><span style=\"font-size: 12pt;\">Brzdy<\/span><\/td>\n<td style=\"width: 139px; height: 25px;\"><span style=\"font-size: 12pt;\">kotou\u010dov\u00e1 240\u00a0 kotou\u010dov\u00e1 220<\/span><\/td>\n<\/tr>\n<tr style=\"height: 25px;\">\n<td style=\"width: 190px; height: 25px;\"><span style=\"font-size: 12pt;\">Hmotnost<\/span><\/td>\n<td style=\"width: 139px; height: 25px;\"><span style=\"font-size: 12pt;\">122 kg<\/span><\/td>\n<\/tr>\n<tr style=\"height: 25px;\">\n<td style=\"width: 190px; height: 25px;\"><span style=\"font-size: 12pt;\">Objem n\u00e1dr\u017ee<\/span><\/td>\n<td style=\"width: 139px; height: 25px;\"><span style=\"font-size: 12pt;\">7 l<\/span><\/td>\n<\/tr>\n<\/tbody>\n<\/table>\n<table style=\"border-collapse: collapse; width: 100%;\">\n<tbody>\n<tr>\n<td style=\"width: 50%;\">\u00a0<\/td>\n<td style=\"width: 50%;\">\u00a0<\/td>\n<\/tr>\n<\/tbody>\n<\/table>\n<div id=\"attachment_701\" style=\"width: 310px\" class=\"wp-caption alignleft\"><img loading=\"lazy\" decoding=\"async\" aria-describedby=\"caption-attachment-701\" class=\"wp-image-701 size-medium\" src=\"http:\/\/ammoto.eu\/wp-content\/uploads\/2018\/12\/keeway-cityblade-125-1-300x178.jpg\" alt=\"\" width=\"300\" height=\"178\" srcset=\"https:\/\/ammoto.eu\/wp-content\/uploads\/2018\/12\/keeway-cityblade-125-1-300x178.jpg 300w, https:\/\/ammoto.eu\/wp-content\/uploads\/2018\/12\/keeway-cityblade-125-1-768x456.jpg 768w, https:\/\/ammoto.eu\/wp-content\/uploads\/2018\/12\/keeway-cityblade-125-1-1024x608.jpg 1024w, https:\/\/ammoto.eu\/wp-content\/uploads\/2018\/12\/keeway-cityblade-125-1.jpg 1600w\" sizes=\"auto, (max-width: 300px) 100vw, 300px\" \/><p id=\"caption-attachment-701\" class=\"wp-caption-text\"><span style=\"font-size: 14pt;\"><strong>Keeway Cityblade 125<\/strong><\/span><\/p><\/div>\n<p>Hbit\u00fd sk\u00fatr do m\u011bsta i na del\u0161\u00ed vzd\u00e1lenost s velmi n\u00edzkou spot\u0159ebou.<\/p>\n<table style=\"width: 336px;\">\n<tbody>\n<tr style=\"height: 25px;\">\n<td style=\"width: 190px; height: 25px;\"><strong>Technick\u00e9 parametry:<\/strong><\/td>\n<td style=\"width: 135px; height: 25px;\">\u00a0<\/td>\n<\/tr>\n<tr style=\"height: 25px;\">\n<td style=\"width: 190px; height: 25px;\"><span style=\"font-size: 12pt;\">Obsah<\/span><\/td>\n<td style=\"width: 135px; height: 25px;\"><span style=\"font-size: 12pt;\">124 ccm<\/span><\/td>\n<\/tr>\n<tr style=\"height: 25px;\">\n<td style=\"width: 190px; height: 25px;\"><span style=\"font-size: 12pt;\">V\u00fdkon<\/span><\/td>\n<td style=\"width: 135px; height: 25px;\"><span style=\"font-size: 12pt;\">7 kW \/ 8 000 rpm<\/span><\/td>\n<\/tr>\n<tr style=\"height: 25px;\">\n<td style=\"width: 190px; height: 25px;\"><span style=\"font-size: 12pt;\">P\u0159evodovka<\/span><\/td>\n<td style=\"width: 135px; height: 25px;\"><span style=\"font-size: 12pt;\">automatick\u00e1\u00a0<\/span><\/td>\n<\/tr>\n<tr style=\"height: 25px;\">\n<td style=\"width: 190px; height: 25px;\"><span style=\"font-size: 12pt;\">Startov\u00e1n\u00ed<\/span><\/td>\n<td style=\"width: 135px; height: 25px;\"><span style=\"font-size: 12pt;\">elektrick\u00e9<\/span><\/td>\n<\/tr>\n<tr style=\"height: 25px;\">\n<td style=\"width: 190px; height: 25px;\"><span style=\"font-size: 12pt;\">Brzdy<\/span><\/td>\n<td style=\"width: 135px; height: 25px;\"><span style=\"font-size: 12pt;\">kotou\u010dov\u00e1 240 kotou\u010dov\u00e1 220<\/span><\/td>\n<\/tr>\n<tr style=\"height: 25px;\">\n<td style=\"width: 190px; height: 25px;\"><span style=\"font-size: 12pt;\">Hmotnost<\/span><\/td>\n<td style=\"width: 135px; height: 25px;\"><span style=\"font-size: 12pt;\">122 kg<\/span><\/td>\n<\/tr>\n<tr style=\"height: 25px;\">\n<td style=\"width: 190px; height: 25px;\"><span style=\"font-size: 12pt;\">Objem n\u00e1dr\u017ee<\/span><\/td>\n<td style=\"width: 135px; height: 25px;\"><span style=\"font-size: 12pt;\">7 l<\/span><\/td>\n<\/tr>\n<\/tbody>\n<\/table>\n<table style=\"border-collapse: collapse; width: 100%;\">\n<tbody>\n<tr>\n<td style=\"width: 50%;\">\u00a0<\/td>\n<td style=\"width: 50%;\">\u00a0<\/td>\n<\/tr>\n<\/tbody>\n<\/table>\n<div id=\"attachment_419\" style=\"width: 210px\" class=\"wp-caption alignleft\"><img loading=\"lazy\" decoding=\"async\" aria-describedby=\"caption-attachment-419\" class=\"wp-image-419 \" src=\"http:\/\/ammoto.eu\/wp-content\/uploads\/2017\/04\/IMG_20170331_162822-169x300.jpg\" alt=\"\" width=\"200\" height=\"355\" srcset=\"https:\/\/ammoto.eu\/wp-content\/uploads\/2017\/04\/IMG_20170331_162822-169x300.jpg 169w, https:\/\/ammoto.eu\/wp-content\/uploads\/2017\/04\/IMG_20170331_162822-768x1365.jpg 768w, https:\/\/ammoto.eu\/wp-content\/uploads\/2017\/04\/IMG_20170331_162822-576x1024.jpg 576w\" sizes=\"auto, (max-width: 200px) 100vw, 200px\" \/><p id=\"caption-attachment-419\" class=\"wp-caption-text\"><span style=\"font-size: 14pt;\"><strong>Keeway Zahara 125<\/strong><\/span><\/p><\/div>\n<p>Retro sk\u00fatr v pohod\u011b pro dva s velmi n\u00edzkou hmotnost\u00ed.<\/p>\n<table style=\"width: 348px;\">\n<tbody>\n<tr>\n<td style=\"width: 192px;\"><strong>Technick\u00e9 parametry:<\/strong><\/td>\n<td style=\"width: 146px;\">\u00a0<\/td>\n<\/tr>\n<tr>\n<td style=\"width: 192px;\"><span style=\"font-size: 12pt;\">Obsah<\/span><\/td>\n<td style=\"width: 146px;\"><span style=\"font-size: 12pt;\">124,6 ccm<\/span><\/td>\n<\/tr>\n<tr>\n<td style=\"width: 192px;\"><span style=\"font-size: 12pt;\">V\u00fdkon<\/span><\/td>\n<td style=\"width: 146px;\"><span style=\"font-size: 12pt;\">6,3 KW \/ 7,500 rpm<\/span><\/td>\n<\/tr>\n<tr>\n<td style=\"width: 192px;\"><span style=\"font-size: 12pt;\">P\u0159evodovka<\/span><\/td>\n<td style=\"width: 146px;\"><span style=\"font-size: 12pt;\">automatick\u00e1\u00a0<\/span><\/td>\n<\/tr>\n<tr>\n<td style=\"width: 192px;\"><span style=\"font-size: 12pt;\">Startov\u00e1n\u00ed<\/span><\/td>\n<td style=\"width: 146px;\"><span style=\"font-size: 12pt;\">elektrick\u00e9 + no\u017en\u00ed<\/span><\/td>\n<\/tr>\n<tr>\n<td style=\"width: 192px;\"><span style=\"font-size: 12pt;\">Brzdy<\/span><\/td>\n<td style=\"width: 146px;\"><span style=\"font-size: 12pt;\">kotou\u010dov\u00e1<br \/>bubnov\u00e1<\/span><\/td>\n<\/tr>\n<tr>\n<td style=\"width: 192px;\"><span style=\"font-size: 12pt;\">Hmotnost<\/span><\/td>\n<td style=\"width: 146px;\"><span style=\"font-size: 12pt;\">86 kg<\/span><\/td>\n<\/tr>\n<tr>\n<td style=\"width: 192px;\"><span style=\"font-size: 12pt;\">Objem n\u00e1dr\u017ee<\/span><\/td>\n<td style=\"width: 146px;\"><span style=\"font-size: 12pt;\">5 l<\/span><\/td>\n<\/tr>\n<\/tbody>\n<\/table>\n<table style=\"border-collapse: collapse; width: 100%;\">\n<tbody>\n<tr>\n<td style=\"width: 50%;\">\u00a0<\/td>\n<td style=\"width: 50%;\">\u00a0<\/td>\n<\/tr>\n<\/tbody>\n<\/table>\n<p style=\"text-align: left;\">\u00a0Pohodln\u00fd sk\u00fatr s velk\u00fdm \u00falo\u017en\u00edm prostorem.<\/p>\n<p style=\"text-align: left;\">(Pot\u0159eba \u0159idi\u010dsk\u00e9 opr\u00e1vn\u011bn\u00ed skupiny A !!!)<\/p>\n<p><img loading=\"lazy\" decoding=\"async\" class=\"size-medium wp-image-1271 alignleft\" src=\"http:\/\/ammoto.eu\/wp-content\/uploads\/2022\/01\/SB-125-2-700x700-1-300x300.jpg\" alt=\"\" width=\"300\" height=\"300\" srcset=\"https:\/\/ammoto.eu\/wp-content\/uploads\/2022\/01\/SB-125-2-700x700-1-300x300.jpg 300w, https:\/\/ammoto.eu\/wp-content\/uploads\/2022\/01\/SB-125-2-700x700-1-150x150.jpg 150w, https:\/\/ammoto.eu\/wp-content\/uploads\/2022\/01\/SB-125-2-700x700-1.jpg 700w\" sizes=\"auto, (max-width: 300px) 100vw, 300px\" \/><\/p>\n<p>\u00a0<\/p>\n<table style=\"border-collapse: collapse; width: 34.8276%; height: 190px;\">\n<tbody>\n<tr style=\"height: 24px;\">\n<td style=\"width: 50%; height: 24px;\"><strong>Technick\u00e9 parametry:<\/strong>\u00a0<\/td>\n<td style=\"width: 50%; height: 24px;\">\u00a0<\/td>\n<\/tr>\n<tr style=\"height: 24px;\">\n<td style=\"width: 50%; height: 24px;\">Obsah<\/td>\n<td style=\"width: 50%; height: 24px;\">250 ccm<\/td>\n<\/tr>\n<tr style=\"height: 24px;\">\n<td style=\"width: 50%; height: 24px;\">V\u00fdkon<\/td>\n<td style=\"width: 50%; height: 24px;\">20 k<\/td>\n<\/tr>\n<tr style=\"height: 24px;\">\n<td style=\"width: 50%; height: 24px;\">P\u0159evodovka<\/td>\n<td style=\"width: 50%; height: 24px;\">automatick\u00e1<\/td>\n<\/tr>\n<tr style=\"height: 24px;\">\n<td style=\"width: 50%; height: 24px;\">Startov\u00e1n\u00ed<\/td>\n<td style=\"width: 50%; height: 24px;\">elektrick\u00e9<\/td>\n<\/tr>\n<tr style=\"height: 24px;\">\n<td style=\"width: 50%; height: 24px;\">Brzdy<\/td>\n<td style=\"width: 50%; height: 24px;\">kotou\u010d\/kotou\u010d<\/td>\n<\/tr>\n<tr style=\"height: 24px;\">\n<td style=\"width: 50%; height: 24px;\">Hmotnost<\/td>\n<td style=\"width: 50%; height: 24px;\">172 kg<\/td>\n<\/tr>\n<tr style=\"height: 24px;\">\n<td style=\"width: 50%; height: 24px;\">Objem n\u00e1dr\u017ee<\/td>\n<td style=\"width: 50%; height: 24px;\">11 l<\/td>\n<\/tr>\n<\/tbody>\n<\/table>\n<table style=\"border-collapse: collapse; width: 100%;\">\n<tbody>\n<tr>\n<td style=\"width: 50%;\">\u00a0<\/td>\n<td style=\"width: 50%;\">\u00a0<\/td>\n<\/tr>\n<\/tbody>\n<\/table>\n\n","protected":false},"excerpt":{"rendered":"<p>Hbit\u00fd sk\u00fatr do m\u011bsta i na del\u0161\u00ed vzd\u00e1lenost s velmi n\u00edzkou spot\u0159ebou. Technick\u00e9 parametry: \u00a0 Obsah 124 ccm V\u00fdkon 7 kW \/ 8 000 rpm P\u0159evodovka automatick\u00e1\u00a0 Startov\u00e1n\u00ed elektrick\u00e9 Brzdy kotou\u010dov\u00e1 240 kotou\u010dov\u00e1 220 Hmotnost 122 kg Objem n\u00e1dr\u017ee 7 l \u00a0 \u00a0 Retro sk\u00fatr v pohod\u011b pro dva s velmi n\u00edzkou hmotnost\u00ed. Technick\u00e9 parametry: [&hellip;]<\/p>\n","protected":false},"author":1,"featured_media":0,"parent":0,"menu_order":0,"comment_status":"closed","ping_status":"closed","template":"","meta":{"footnotes":""},"class_list":["post-112","page","type-page","status-publish","hentry"],"_links":{"self":[{"href":"https:\/\/ammoto.eu\/index.php?rest_route=\/wp\/v2\/pages\/112","targetHints":{"allow":["GET"]}}],"collection":[{"href":"https:\/\/ammoto.eu\/index.php?rest_route=\/wp\/v2\/pages"}],"about":[{"href":"https:\/\/ammoto.eu\/index.php?rest_route=\/wp\/v2\/types\/page"}],"author":[{"embeddable":true,"href":"https:\/\/ammoto.eu\/index.php?rest_route=\/wp\/v2\/users\/1"}],"replies":[{"embeddable":true,"href":"https:\/\/ammoto.eu\/index.php?rest_route=%2Fwp%2Fv2%2Fcomments&post=112"}],"version-history":[{"count":39,"href":"https:\/\/ammoto.eu\/index.php?rest_route=\/wp\/v2\/pages\/112\/revisions"}],"predecessor-version":[{"id":1521,"href":"https:\/\/ammoto.eu\/index.php?rest_route=\/wp\/v2\/pages\/112\/revisions\/1521"}],"wp:attachment":[{"href":"https:\/\/ammoto.eu\/index.php?rest_route=%2Fwp%2Fv2%2Fmedia&parent=112"}],"curies":[{"name":"wp","href":"https:\/\/api.w.org\/{rel}","templated":true}]}}