{"id":15,"date":"2017-02-23T21:12:09","date_gmt":"2017-02-23T20:12:09","guid":{"rendered":"http:\/\/ammoto.eu\/?page_id=15"},"modified":"2025-05-21T22:21:51","modified_gmt":"2025-05-21T20:21:51","slug":"kontakt","status":"publish","type":"page","link":"https:\/\/ammoto.eu\/?page_id=15","title":{"rendered":"Kontakt"},"content":{"rendered":"<h3><span style=\"font-size: 14pt;\"><strong>Kontakt:<\/strong><\/span><\/h3>\n<p>Ane\u017eka Voj\u010d\u00edkov\u00e1<\/p>\n<p>Mobil: \u00a0 \u00a0 \u00a0+420 723 074 405<\/p>\n<p>Email:\u00a0 \u00a0 \u00a0 info@ammoto.eu<\/p>\n<p>Adresa: \u00a0Bezru\u010dova 1992\/64, 692 01 Mikulov<\/p>\n<p>I\u010c: 05046955<\/p>\n<p><iframe loading=\"lazy\" style=\"border: 0;\" src=\"https:\/\/www.google.com\/maps\/embed?pb=!1m14!1m8!1m3!1d5254.682589599017!2d16.6499651!3d48.8135492!3m2!1i1024!2i768!4f13.1!3m3!1m2!1s0x4712cd49a526afcb%3A0xe63bc21edca0333a!2sBezru%C4%8Dova+1575%2F49a%2C+692+01+Mikulov!5e0!3m2!1ssk!2scz!4v1487933964988\" width=\"600\" height=\"450\" frameborder=\"0\" allowfullscreen=\"allowfullscreen\"><\/iframe><\/p>\n","protected":false},"excerpt":{"rendered":"<p>Kontakt: Ane\u017eka Voj\u010d\u00edkov\u00e1 Mobil: \u00a0 \u00a0 \u00a0+420 723 074 405 Email:\u00a0 \u00a0 \u00a0 info@ammoto.eu Adresa: \u00a0Bezru\u010dova 1992\/64, 692 01 Mikulov I\u010c: 05046955<\/p>\n","protected":false},"author":1,"featured_media":0,"parent":0,"menu_order":0,"comment_status":"closed","ping_status":"closed","template":"","meta":{"footnotes":""},"class_list":["post-15","page","type-page","status-publish","hentry"],"_links":{"self":[{"href":"https:\/\/ammoto.eu\/index.php?rest_route=\/wp\/v2\/pages\/15","targetHints":{"allow":["GET"]}}],"collection":[{"href":"https:\/\/ammoto.eu\/index.php?rest_route=\/wp\/v2\/pages"}],"about":[{"href":"https:\/\/ammoto.eu\/index.php?rest_route=\/wp\/v2\/types\/page"}],"author":[{"embeddable":true,"href":"https:\/\/ammoto.eu\/index.php?rest_route=\/wp\/v2\/users\/1"}],"replies":[{"embeddable":true,"href":"https:\/\/ammoto.eu\/index.php?rest_route=%2Fwp%2Fv2%2Fcomments&post=15"}],"version-history":[{"count":10,"href":"https:\/\/ammoto.eu\/index.php?rest_route=\/wp\/v2\/pages\/15\/revisions"}],"predecessor-version":[{"id":1616,"href":"https:\/\/ammoto.eu\/index.php?rest_route=\/wp\/v2\/pages\/15\/revisions\/1616"}],"wp:attachment":[{"href":"https:\/\/ammoto.eu\/index.php?rest_route=%2Fwp%2Fv2%2Fmedia&parent=15"}],"curies":[{"name":"wp","href":"https:\/\/api.w.org\/{rel}","templated":true}]}}