{"id":22,"date":"2017-02-23T21:15:12","date_gmt":"2017-02-23T20:15:12","guid":{"rendered":"http:\/\/ammoto.eu\/?page_id=22"},"modified":"2019-04-17T20:53:11","modified_gmt":"2019-04-17T18:53:11","slug":"caste-otazky","status":"publish","type":"page","link":"https:\/\/ammoto.eu\/?page_id=22","title":{"rendered":"\u010cast\u00e9 ot\u00e1zky"},"content":{"rendered":"<h3><span style=\"font-size: 14pt;\"><strong>Co pot\u0159ebujeme k pron\u00e1jmu?<\/strong><\/span><\/h3>\n<ul>\n<li><span style=\"font-size: 12pt;\">Ob\u010dansk\u00fd pr\u016fkaz<\/span><\/li>\n<li><span style=\"font-size: 12pt;\">\u0158idi\u010dsk\u00fd pr\u016fkaz<\/span><\/li>\n<li><span style=\"font-size: 12pt;\">Finan\u010dn\u00ed prost\u0159edky na \u00fahradu pron\u00e1jmu. (Platba p\u0159i p\u0159evzet\u00ed sk\u00fatru.)<\/span><\/li>\n<\/ul>\n<h3><span style=\"font-size: 14pt;\"><strong>Objedn\u00e1vky &#8222;na posledn\u00ed chv\u00edli&#8220;.<\/strong><\/span><\/h3>\n<h3><span style=\"font-size: 12pt;\">Pokud\u00a0chcete sk\u00fatr hned, nepos\u00edlejte rezervaci ale volejte.<\/span><\/h3>\n<h3><strong><span style=\"font-size: 14pt;\">M\u016f\u017eu ho vr\u00e1tit d\u0159\u00edv, \u00a0jako sem p\u016fvodn\u011b pl\u00e1noval?<br \/>\n<\/span><br \/>\n<\/strong><span style=\"font-size: 12pt;\">Ano. Vr\u00e1tit ho m\u016f\u017eete, ale cenov\u00fd rozd\u00edl V\u00e1m nevr\u00e1t\u00edme.<\/span><br \/>\n<span style=\"font-size: 12pt;\"> Sk\u00fatr jsme V\u00e1m rezervovali a odm\u00edtali jsme v\u0161echny dal\u0161\u00ed rezervace na uveden\u00fd sk\u00fatr.<\/span><br \/>\n<span style=\"font-size: 12pt;\"> Jestli n\u00e1m ho vr\u00e1t\u00edte p\u0159ed\u010dasn\u011b, je minim\u00e1ln\u00ed \u0161ance, \u017ee obsazen\u00fd term\u00edn je\u0161t\u011b zapln\u00edme.<\/span><\/h3>\n<h3><span style=\"font-size: 14pt;\"><strong>M\u016f\u017eu svoji rezervaci zru\u0161it?<\/strong><\/span><br \/>\n<span style=\"font-size: 12pt;\">Ano, bez jak\u00e9hokoliv poplatku m\u016f\u017eete rezervaci zru\u0161it telefonicky nebo mailem.<\/span><br \/>\n<span style=\"font-size: 12pt;\"> V ka\u017ed\u00e9m p\u0159\u00edpad\u011b n\u00e1s o jak\u00e9koli zm\u011bn\u011b bezodkladn\u011b informujte.<\/span><\/h3>\n<h3><strong><span style=\"font-size: 14pt;\">Jestli p\u0159ijdeme na sv\u00e9m aut\u011b, m\u016f\u017eu si\u00a0u V\u00e1s auto zaparkovat?<\/span><br \/>\n<\/strong><br \/>\n<span style=\"font-size: 12pt;\">Ano, auto si u n\u00e1s m\u016f\u017eete zaparkovat pod dohled.<\/span><\/h3>\n<h3><span style=\"font-size: 14pt;\"><strong>Co v\u0161echno kryje havarijn\u00ed poji\u0161t\u011bn\u00ed?<\/strong><\/span><\/h3>\n<h3><span style=\"font-size: 12pt;\">Jedn\u00e1 se o poji\u0161t\u011bn\u00ed v\u016f\u010di po\u0161kozen\u00ed sk\u00fatru. Poji\u0161t\u011bn\u00ed neobsahuje odcizen\u00ed sk\u00fatr\u016f.<\/span><\/h3>\n<h3><span style=\"font-size: 14pt;\"><strong>Palivo?<\/strong><\/span><\/h3>\n<h3><span style=\"font-size: 12pt;\">Sk\u00fatry p\u016fj\u010dujeme v\u017edy s plnou n\u00e1dr\u017e\u00ed a tak\u00e9 se s plnou n\u00e1dr\u017e\u00ed vrac\u00ed. Je u\u017e pak na V\u00e1s kolik toho najezd\u00edte. V p\u0159\u00edpad\u011b, nedotankov\u00e1n\u00ed bude na\u00fa\u010dtov\u00e1n p\u0159\u00edplatek.\u00a0 \u00a0 \u00a0 \u00a0 \u00a0 \u00a0 \u00a0 \u00a0 \u00a0 \u00a0 <\/span><span style=\"font-size: 12pt;\">\u00a0<\/span><\/h3>\n<h3><\/h3>\n","protected":false},"excerpt":{"rendered":"<p>Co pot\u0159ebujeme k pron\u00e1jmu? Ob\u010dansk\u00fd pr\u016fkaz \u0158idi\u010dsk\u00fd pr\u016fkaz Finan\u010dn\u00ed prost\u0159edky na \u00fahradu pron\u00e1jmu. (Platba p\u0159i p\u0159evzet\u00ed sk\u00fatru.) Objedn\u00e1vky &#8222;na posledn\u00ed chv\u00edli&#8220;. Pokud\u00a0chcete sk\u00fatr hned, nepos\u00edlejte rezervaci ale volejte. M\u016f\u017eu ho vr\u00e1tit d\u0159\u00edv, \u00a0jako sem p\u016fvodn\u011b pl\u00e1noval? Ano. Vr\u00e1tit ho m\u016f\u017eete, ale cenov\u00fd rozd\u00edl V\u00e1m nevr\u00e1t\u00edme. Sk\u00fatr jsme V\u00e1m rezervovali a odm\u00edtali jsme v\u0161echny dal\u0161\u00ed rezervace [&hellip;]<\/p>\n","protected":false},"author":1,"featured_media":0,"parent":0,"menu_order":0,"comment_status":"closed","ping_status":"closed","template":"","meta":{"footnotes":""},"class_list":["post-22","page","type-page","status-publish","hentry"],"_links":{"self":[{"href":"https:\/\/ammoto.eu\/index.php?rest_route=\/wp\/v2\/pages\/22","targetHints":{"allow":["GET"]}}],"collection":[{"href":"https:\/\/ammoto.eu\/index.php?rest_route=\/wp\/v2\/pages"}],"about":[{"href":"https:\/\/ammoto.eu\/index.php?rest_route=\/wp\/v2\/types\/page"}],"author":[{"embeddable":true,"href":"https:\/\/ammoto.eu\/index.php?rest_route=\/wp\/v2\/users\/1"}],"replies":[{"embeddable":true,"href":"https:\/\/ammoto.eu\/index.php?rest_route=%2Fwp%2Fv2%2Fcomments&post=22"}],"version-history":[{"count":37,"href":"https:\/\/ammoto.eu\/index.php?rest_route=\/wp\/v2\/pages\/22\/revisions"}],"predecessor-version":[{"id":819,"href":"https:\/\/ammoto.eu\/index.php?rest_route=\/wp\/v2\/pages\/22\/revisions\/819"}],"wp:attachment":[{"href":"https:\/\/ammoto.eu\/index.php?rest_route=%2Fwp%2Fv2%2Fmedia&parent=22"}],"curies":[{"name":"wp","href":"https:\/\/api.w.org\/{rel}","templated":true}]}}