{"id":24,"date":"2017-02-23T21:15:12","date_gmt":"2017-02-23T20:15:12","guid":{"rendered":"http:\/\/ammoto.eu\/?page_id=24"},"modified":"2026-03-31T21:17:21","modified_gmt":"2026-03-31T19:17:21","slug":"cennik","status":"publish","type":"page","link":"https:\/\/ammoto.eu\/?page_id=24","title":{"rendered":"Cen\u00edk"},"content":{"rendered":"<h3><span style=\"font-size: 18pt;\"><strong>P\u016fj\u010dovn\u00e9 zahrnuje:<\/strong><\/span><\/h3>\n<ul style=\"list-style-type: disc;\">\n<li>vybran\u00fd sk\u00fatr<\/li>\n<li><span style=\"font-family: arial, helvetica, sans-serif;\">poji\u0161t\u011bn\u00ed z\u00e1konn\u00e9 odpov\u011bdnosti za \u0161kodu sp\u016fsobenou provozem vozidla<\/span><\/li>\n<li>2 helmy<\/li>\n<li>neomezen\u00e9 km<\/li>\n<li>topcase s op\u011brkou<\/li>\n<li>povinnou v\u00fdbavu (lek\u00e1rni\u010dka, vesta, n\u00e1\u0159ad\u00ed)<\/li>\n<li>spot\u0159ebovan\u00e9 oleje<\/li>\n<li>n\u00e1klad na \u00fadr\u017ebu a servis<\/li>\n<\/ul>\n<h3><span style=\"font-size: 18pt;\"><strong>P\u016fj\u010dovn\u00e9 nezahrnuje:<\/strong><\/span><\/h3>\n<ul>\n<li>spot\u0159ebovan\u00e9 poh. hmoty<\/li>\n<\/ul>\n<div class=\"wpb_column vc_column_container vc_col-sm-6\">\n<div class=\"vc_column-inner \">\n<div class=\"wpb_wrapper\">\n<div class=\"wpb_text_column wpb_content_element \">\n<div class=\"wpb_wrapper\">\n<table style=\"width: 462px; height: 224px;\" border=\"0\" cellspacing=\"0\" cellpadding=\"0\">\n<tbody>\n<tr style=\"height: 34px;\">\n<td style=\"width: 458px; height: 34px; text-align: center;\"><strong><span style=\"font-size: 14pt;\">950 K\u010d \/<\/span> den (8:00 \u2013 18:00)<\/strong><\/td>\n<\/tr>\n<tr style=\"height: 34.875px;\">\n<td style=\"width: 458px; height: 34.875px; text-align: center;\"><strong><span style=\"font-size: 14pt;\">2400 K\u010d<\/span> \/ (p\u00e1 9:00 &#8211; po 9:00)<\/strong><\/td>\n<\/tr>\n<tr style=\"height: 34px;\">\n<td style=\"width: 458px; height: 34px; text-align: center;\"><strong>Nedotankovan\u00e1 n\u00e1dr\u017e <span style=\"font-size: 14pt;\">200 K\u010d<\/span><\/strong><\/td>\n<\/tr>\n<tr style=\"height: 34px;\">\n<td style=\"width: 458px; height: 34px; text-align: center;\"><strong>V p\u0159\u00edpad\u011b dlouhodob\u011bj\u0161\u00edch pron\u00e1jm\u016f poskytujeme slevu.\u00a0<\/strong><\/td>\n<\/tr>\n<\/tbody>\n<\/table>\n<\/div>\n<\/div>\n<\/div>\n<\/div>\n<\/div>\n<div class=\"wpb_column vc_column_container vc_col-sm-6\"><\/div>\n","protected":false},"excerpt":{"rendered":"<p>P\u016fj\u010dovn\u00e9 zahrnuje: vybran\u00fd sk\u00fatr poji\u0161t\u011bn\u00ed z\u00e1konn\u00e9 odpov\u011bdnosti za \u0161kodu sp\u016fsobenou provozem vozidla 2 helmy neomezen\u00e9 km topcase s op\u011brkou povinnou v\u00fdbavu (lek\u00e1rni\u010dka, vesta, n\u00e1\u0159ad\u00ed) spot\u0159ebovan\u00e9 oleje n\u00e1klad na \u00fadr\u017ebu a servis P\u016fj\u010dovn\u00e9 nezahrnuje: spot\u0159ebovan\u00e9 poh. hmoty 950 K\u010d \/ den (8:00 \u2013 18:00) 2400 K\u010d \/ (p\u00e1 9:00 &#8211; po 9:00) Nedotankovan\u00e1 n\u00e1dr\u017e 200 K\u010d [&hellip;]<\/p>\n","protected":false},"author":1,"featured_media":0,"parent":0,"menu_order":0,"comment_status":"closed","ping_status":"closed","template":"","meta":{"footnotes":""},"class_list":["post-24","page","type-page","status-publish","hentry"],"_links":{"self":[{"href":"https:\/\/ammoto.eu\/index.php?rest_route=\/wp\/v2\/pages\/24","targetHints":{"allow":["GET"]}}],"collection":[{"href":"https:\/\/ammoto.eu\/index.php?rest_route=\/wp\/v2\/pages"}],"about":[{"href":"https:\/\/ammoto.eu\/index.php?rest_route=\/wp\/v2\/types\/page"}],"author":[{"embeddable":true,"href":"https:\/\/ammoto.eu\/index.php?rest_route=\/wp\/v2\/users\/1"}],"replies":[{"embeddable":true,"href":"https:\/\/ammoto.eu\/index.php?rest_route=%2Fwp%2Fv2%2Fcomments&post=24"}],"version-history":[{"count":53,"href":"https:\/\/ammoto.eu\/index.php?rest_route=\/wp\/v2\/pages\/24\/revisions"}],"predecessor-version":[{"id":1718,"href":"https:\/\/ammoto.eu\/index.php?rest_route=\/wp\/v2\/pages\/24\/revisions\/1718"}],"wp:attachment":[{"href":"https:\/\/ammoto.eu\/index.php?rest_route=%2Fwp%2Fv2%2Fmedia&parent=24"}],"curies":[{"name":"wp","href":"https:\/\/api.w.org\/{rel}","templated":true}]}}