{"id":251,"date":"2017-03-02T21:08:03","date_gmt":"2017-03-02T20:08:03","guid":{"rendered":"http:\/\/ammoto.eu\/?page_id=251"},"modified":"2017-07-15T13:24:09","modified_gmt":"2017-07-15T11:24:09","slug":"tipy-na-vylety","status":"publish","type":"page","link":"https:\/\/ammoto.eu\/?page_id=251","title":{"rendered":"Tipy na v\u00fdlety"},"content":{"rendered":"<h3><span style=\"font-size: 14pt;\"><strong>Z\u00a0Mikulova se m\u016f\u017eete prakticky vydat kter\u00fdmkoli sm\u011brem, v\u0161ude naleznete perfektn\u00ed pod\u00edvanou a spoustu z\u00e1\u017eitk\u016f. <\/strong><\/span><\/h3>\n<ul>\n<li>\n<h3><span style=\"font-size: 14pt;\"><strong>Pasohl\u00e1vky<\/strong><\/span><\/h3>\n<\/li>\n<\/ul>\n<h3><span style=\"font-size: 12pt;\">Osv\u011b\u017euj\u00edci\u00a0 elix\u00edr nam\u00edchan\u00fd z\u00a0mnoha ingredienc\u00ed: slunce, vody, ryba\u0159en\u00ed, sport\u016f, turistiky, odpo\u010dinku, moravsk\u00e9ho v\u00edna z\u00a0okoln\u00edch vinic a ovoce ze zdej\u0161\u00edch sad\u016f. To a je\u0161te mnohem v\u00edcneb\u00edzej\u00ed Pasohl\u00e1vky. Obec, kde slovo rekreace bezezbytku napl\u0148uje sv\u016fj v\u00fdznam.<\/span><\/h3>\n<p>&nbsp;<\/p>\n<ul>\n<li>\n<h3><span style=\"font-size: 14pt;\"><strong>Sirot\u010d\u00ed hr\u00e1dek<\/strong><\/span><\/h3>\n<\/li>\n<\/ul>\n<h3><span style=\"font-size: 12pt;\">Ide\u00e1ln\u00ed m\u00edsto pro p\u00e1ry. Jedno z\u00a0nejromanti\u010dt\u011bj\u0161\u00edch m\u00edst na P\u00e1lav\u011b. Z\u0159\u00edcenina p\u016fvodn\u011b gotick\u00e9ho hradu z\u00a0p\u0159elomu 13. a 14. stolet\u00ed je vybudov\u00e1n na dvou v\u00e1pencov\u00fdch skalisc\u00edch. Nach\u00e1z\u00ed se nedaleko obce Klentnice, kde m\u016f\u017eete zaparkovat, a nen\u00e1ro\u010dn\u00fd 0,5 km dlouh\u00fd v\u00fdstup bude odm\u011bn\u011bn n\u00e1dhern\u00fdmi v\u00fdhledy do okoln\u00ed krajiny.<\/span><\/h3>\n<p>&nbsp;<\/p>\n<ul>\n<li>\n<h3><span style=\"font-size: 14pt;\"><strong>D\u00edv\u010d\u00ed hrady (D\u011bvi\u010dky)<\/strong><\/span><\/h3>\n<\/li>\n<\/ul>\n<h3><span style=\"font-size: 12pt;\">Z\u0159\u00edcenina p\u016fvodn\u011b gotick\u00e9ho hradu nab\u00edzej\u00edc\u00ed kouzeln\u00e9 v\u00fdhledy se ty\u010d\u00ed na severn\u00edm okraji h\u0159ebene D\u011bv\u00edna, kter\u00fd s\u00a0v\u00fd\u0161kou 554 m n m. je nejvy\u0161\u0161\u00edm bodem Pavlovsk\u00fdch vrch\u016f. Lokalita je dostupn\u00e1 z\u00a0n\u011bkolika sm\u011br\u016f a celou oblast mapuje nau\u010dn\u00e1 stezka D\u011bv\u00edn. Je vedena po zna\u010den\u00fdch turistick\u00fdch tras\u00e1ch s\u00a0n\u00e1stupy z\u00a0Doln\u00edch V\u011bstonic, Pavlova a po dvou cest\u00e1ch od silnice mezi Pavlovem a Klentnic\u00ed.<\/span><\/h3>\n<p>&nbsp;<\/p>\n<ul>\n<li>\n<h3><span style=\"font-size: 14pt;\"><strong>Archeologick\u00fd park Pavlov<\/strong><\/span><\/h3>\n<\/li>\n<\/ul>\n<h3><span style=\"font-size: 12pt;\">Unik\u00e1tn\u00ed archeologick\u00fd park v\u00a0Pavlov\u011b v\u00e1m umo\u017en\u00ed vr\u00e1tit se v\u00a0\u010dase. A to rovnou desetitis\u00edce let. Do doby, kdy nev\u00eddan\u00fd luxus na\u0161im p\u0159edk\u016fm poskytovaly jeskyn\u011b a maso bylo na denn\u00edm j\u00eddeln\u00ed\u010dku jen m\u00e1lokdy.<\/span><\/h3>\n<p>&nbsp;<\/p>\n<ul>\n<li>\n<h3><span style=\"font-size: 14pt;\"><strong>Nesyt<\/strong><\/span><\/h3>\n<\/li>\n<\/ul>\n<h3><span style=\"font-size: 12pt;\">Nejv\u011bt\u0161\u00ed rybn\u00edk na Morav\u011b Nesyt (Sedleck\u00fd rybn\u00edk) se nach\u00e1z\u00ed u Sedlece mezi Valticemi a Mikulovem. Od roku 2014 jsou na rybn\u00edku zp\u0159\u00edstupn\u011bny dv\u011b nov\u00e9 ornitologick\u00e9 pozorovatelny. Ob\u011b stavby umo\u017e\u0148uj\u00ed n\u00e1v\u0161t\u011bvn\u00edk\u016fm pohled na rybn\u00edky a pozorov\u00e1n\u00ed vodn\u00edch pt\u00e1k\u016f.<\/span><\/h3>\n<p>&nbsp;<\/p>\n<ul>\n<li>\n<h3><span style=\"font-size: 14pt;\"><strong>Kolon\u00e1da Reistna<\/strong><\/span><\/h3>\n<\/li>\n<\/ul>\n<h3><span style=\"font-size: 12pt;\">Valtice z\u00a0nadhledu. Rozhledna postaven\u00e1 podle vzoru sch\u00f6nbrunnsk\u00e9 kolon\u00e1dy ve V\u00eddni poch\u00e1z\u00ed z\u00a0let 1814-1823 a s\u00a0nadmo\u0159skou v\u00fd\u0161kou 291 m je nevy\u0161\u0161\u00edm bodem v\u00a0okol\u00ed Valtic, o 100 m v\u00fd\u0161e ne\u017e je valtick\u00e9 n\u00e1m\u011bst\u00ed. Monument\u00e1ln\u00ed klasicistn\u00ed stavba vyzdoben\u00e1 postavami z\u00a0antick\u00e9 mytologie funguje jako vyhl\u00eddka a je ve\u0159ejnosti p\u0159\u00edstupn\u00e1 v\u00a0n\u00e1v\u0161t\u011bvn\u00edch hodin\u00e1ch. Z\u00a0ochozu jde vid\u011bt do t\u0159\u00ed zem\u00ed: do Rakouska, na Moravu, a na Slovensko.<\/span><\/h3>\n<p>&nbsp;<\/p>\n<ul>\n<li>\n<h3><span style=\"font-size: 14pt;\"><strong>Valtice<\/strong><\/span><\/h3>\n<\/li>\n<\/ul>\n<h3><span style=\"font-size: 12pt;\">M\u011bsto, kde barokn\u00ed z\u00e1mek dohl\u00ed\u017e\u00ed na podz\u00e1m\u010d\u00ed, rozlehl\u00e9 n\u00e1m\u011bst\u00ed s\u00a0farn\u00edm kostelem Nanebevzet\u00ed Panny Marie a dv\u011bma muzei, b\u00fdval\u00fd kl\u00e1\u0161ter milosrdn\u00fdch brat\u0159\u00ed s\u00a0nejstar\u0161\u00ed \u0159\u00e1dovou nemocnic\u00ed severn\u011b od Alp a chr\u00e1mem sv. Augustina. To v\u0161e jako stuhou sv\u00e1z\u00e1no vini\u010dn\u00edmi trat\u011bmi.<\/span><\/h3>\n<p>&nbsp;<\/p>\n<ul>\n<li>\n<h3><span style=\"font-size: 14pt;\"><strong>Z\u00e1mek Lednice<\/strong><\/span><\/h3>\n<\/li>\n<\/ul>\n<h3><span style=\"font-size: 12pt;\">Skvost, kter\u00fd l\u00e1ka nejen turisty z\u00a0cel\u00e9ho sv\u011bta, ale i filma\u0159e a je nejvyhled\u00e1van\u011bj\u0161\u00ed pam\u00e1tkou. V\u00edtejte na st\u00e1tn\u00edm z\u00e1mku v\u00a0Lednici na Morav\u011b, kter\u00fd vloni poko\u0159il magickou hranici 400\u00a0000 n\u00e1v\u0161t\u011bvn\u00edk\u016f.<\/span><\/h3>\n<p>&nbsp;<\/p>\n<ul>\n<li>\n<h3><span style=\"font-size: 14pt;\"><strong>Jan\u016fv hrad<\/strong><\/span><\/h3>\n<\/li>\n<\/ul>\n<h3><span style=\"font-size: 12pt;\">Um\u011bl\u00e1 romantick\u00e1 z\u0159\u00edcenina zvan\u00e1 Janohrad je sou\u010d\u00e1st\u00ed Lednicko-valtick\u00e9ho are\u00e1lu, zapsan\u00e9ho v\u00a0roce 1996 na Seznam sv\u011btov\u00e9ho kulturn\u00edho d\u011bdictv\u00ed UNESCO. Cesta vede p\u0159\u00edmo ke z\u0159\u00edcenin\u011b se sk\u00fatrem m\u016f\u017eete p\u0159ijet a\u017e p\u0159\u00edmo p\u0159ed n\u011bj.<\/span><\/h3>\n<p>&nbsp;<\/p>\n<ul>\n<li>\n<h3><span style=\"font-size: 14pt;\"><strong>P\u0159\u00edtluky<\/strong><\/span><\/h3>\n<\/li>\n<\/ul>\n<h3><span style=\"font-size: 12pt;\">Rozhledna s d\u0159ev\u011bnou konstrukc\u00ed a to\u010dit\u00fdm kovov\u00fdm schodi\u0161t\u011bm poskytuje n\u00e1dhern\u00fd v\u00fdhled na P\u00e1lavu i na sousedn\u00ed Rakousko. Mimo to si v\u00e1s voln\u011b p\u0159\u00edstupn\u00e1 rozhledna podman\u00ed pohledem na z\u00e1plavu vinic v okol\u00ed, nejvy\u0161\u0161\u00ed vrchol P\u00e1lavsk\u00fdch vrch\u016f D\u011bv\u00edn na obzoru a vodn\u00ed d\u00edlo Nov\u00e9 Ml\u00fdny.<\/span><\/h3>\n<p>&nbsp;<\/p>\n<ul>\n<li>\n<h3><span style=\"font-size: 14pt;\"><strong>Slune\u010dn\u00e1<\/strong><\/span><\/h3>\n<\/li>\n<\/ul>\n<h3><span style=\"font-size: 12pt;\">Rozhledna, kter\u00e1 se nach\u00e1z\u00ed na vyv\u00fd\u0161enin\u011b a v turistick\u00e9m are\u00e1lu 225 metr\u016f nad mo\u0159em u jihomoravsk\u00e9 obce Velk\u00e9 Pavlovice ve vina\u0159sk\u00e9 trati Nadzahrady na cykloturistick\u00e9 stezce Modr\u00e9 hory.<\/span><\/h3>\n<p>&nbsp;<\/p>\n<ul>\n<li>\n<h3><span style=\"font-size: 14pt;\"><strong>Zaje\u010d\u00ed<\/strong><\/span><\/h3>\n<\/li>\n<\/ul>\n<h3><span style=\"font-size: 12pt;\">Vina\u0159stv\u00ed U Kapli\u010dky. V n\u00e1dhern\u00e9 lokalit\u011b, p\u0159\u00edmo mezi vinohrady, najdete tohle vina\u0159stv\u00ed, kde se mimo jin\u00e9 nat\u00e1\u010deli legend\u00e1rn\u00ed Bobule. Ochutnat m\u016f\u017eete z jejich sortimentu v\u00edn, ale nav\u00edc se zde i v\u00fdborn\u011b naj\u00edte. Pokud vystoup\u00e1te nad vina\u0159stv\u00ed otev\u0159e se V\u00e1m n\u00e1dhern\u00fd pohled na P\u00e1lavu a Novoml\u00fdnskou n\u00e1dr\u017e.<\/span><\/h3>\n<div id=\"grid-gallery-2-14977\" data-gg-id=\"2\" data-title=\"Tipy na v\u00fdlety\" data-grid-type=\"0\" data-offset=\"5.3\" data-area-position=\"center\" data-icons=\"\" data-preloader=\"\" data-width=\"215\" data-height=\"215\" data-padding=\"\" data-quicksand=\"disabled\" data-quicksand-duration=\"none\" data-popup-theme=\"theme_6\" data-popup-type=\"pretty-photo\" data-popup-image-text=\"title\" data-popup-widthsize=\"auto\" data-popup-heightsize=\"auto\" data-popup-i18n-words=\"{&quot;close&quot;:&quot;close&quot;,&quot;next&quot;:&quot;next&quot;,&quot;previous&quot;:&quot;previous&quot;,&quot;start_slideshow&quot;:&quot;start slideshow&quot;,&quot;stop_slideshow&quot;:&quot;stop slideshow&quot;,&quot;image&quot;:&quot;image&quot;,&quot;of&quot;:&quot;of&quot;,&quot;prev&quot;:&quot;prev&quot;,&quot;cExpand&quot;:&quot;Expand&quot;,&quot;cPrevious&quot;:&quot;Previous&quot;,&quot;cNext&quot;:&quot;Dal\\u0161\\u00ed&quot;,&quot;cExpandStr&quot;:&quot;Expand the image&quot;,&quot;cRotate&quot;:&quot;Rotate&quot;,&quot;cDetails&quot;:&quot;Details&quot;}\" data-popup-slideshow=\"false\" data-popup-slideshow-speed=\"2500\" data-popup-hoverstop=\"true\" data-popup-slideshow-auto=\"false\" data-popup-background=\"\" data-popup-transparency=\"30\" data-popup-disable-history=\"\" data-popup-disable-changed-url=\"\" data-popup-border-type=\"\" data-popup-border-color=\"\" data-popup-border-width=\"\" data-popup-border-enable=\"\" data-fullscreen=\"false\" data-hide-tooltip=\"\" data-caption-font-family=\"\" data-caption-text-size=\"140\" data-is-mobile=\"0\" data-caption-mobile=\"false\" data-hide-long-tltp-title=\"0\" data-caption-disabled-on-mobile=\"false\" data-popup-placement-type=\"0\" data-social-sharing=\"{&quot;enabled&quot;:null,&quot;gallerySharing&quot;:{&quot;enabled&quot;:null,&quot;position&quot;:null},&quot;imageSharing&quot;:{&quot;enabled&quot;:null,&quot;wrapperClass&quot;:&quot; vertical &quot;},&quot;popupSharing&quot;:{&quot;enabled&quot;:null,&quot;wrapperClass&quot;:&quot; vertical &quot;}}\" class=\"grid-gallery grid-gallery-fixed \" style=\" width:100%; height:auto; margin-left:auto; margin-right:auto;position:relative;\"> <div class=\"gallery-loading\"> <div class=\"blocks\"> <div class=\"block\"><\/div> <div class=\"block\"><\/div> <div class=\"block\"><\/div> <div class=\"block\"><\/div> <\/div> <\/div> <div class=\"gallery-sharing-top\" style=\"display:none;\"> <\/div> <div id=\"photos-2\" class=\"grid-gallery-photos\"><FIGURE class=\"grid-gallery-caption\" data-grid-gallery-type=\"quarter-slide-up\" data-index=\"0\" style=\"display:none;border-radius:00;; margin:5.3px; width:2150;\" ><div class=\"crop\" style=\" width:2150; height:2150; overflow:hidden;\"><img decoding=\"async\" src=\"http:\/\/ammoto.eu\/wp-content\/uploads\/2017\/07\/Mapa-typy-na-v\u00fdlety-215x215.jpg\" class=\"ggImg\" alt=\"Mapa typy na v\u00fdlety\" title=\"Mapa typy na v\u00fdlety\" data-description=\"Mapa typy na v\u00fdlety\" data-caption=\"Tipy na v\u00fdlety\" data-title=\"Mapa typy na v\u00fdlety\" style=\" width:215px; height:215px;\" \/><\/div><FIGCAPTION class=\"\" data-alpha=\"5\" style=\"color:#ffffff; background-color:#6f0000; font-size:140; text-align:2; font-family:;\" ><div class=\"grid-gallery-figcaption-wrap\" style=\"\"><\/div><\/FIGCAPTION><\/FIGURE><FIGURE class=\"grid-gallery-caption\" data-grid-gallery-type=\"quarter-slide-up\" data-index=\"1\" style=\"display:none;border-radius:00;; margin:5.3px; width:2150;\" ><div class=\"crop\" style=\" width:2150; height:2150; overflow:hidden;\"><img decoding=\"async\" src=\"http:\/\/ammoto.eu\/wp-content\/uploads\/2017\/07\/mapa-2-215x215.jpg\" class=\"ggImg\" alt=\"mapa 2\" title=\"mapa 2\" data-description=\"mapa 2\" data-caption=\"mapa 2\" data-title=\"mapa 2\" style=\" width:215px; height:215px;\" \/><\/div><FIGCAPTION class=\"\" data-alpha=\"5\" style=\"color:#ffffff; background-color:#6f0000; font-size:140; text-align:2; font-family:;\" ><div class=\"grid-gallery-figcaption-wrap\" style=\"\"><\/div><\/FIGCAPTION><\/FIGURE> <div class=\"grid-gallery-clearfix\"><\/div> <\/div> <div class=\"gallery-sharing-bottom\" style=\"display:none;\"> <\/div> <div class=\"gallery-sharing-image\" style=\"display:none;\"> <\/div> <div class=\"gallery-sharing-popup\" style=\"display:none;\"> <\/div> <div class=\"grid-gallery-clearfix\"><\/div> <\/div> <!-- Gallery by Supsystic plugin1.15.33 --><a title=\"Wordpress Gallery Plugin Free\" style=\"display:none;\" href=\"https:\/\/supsystic.com\/plugins\/photo-gallery\/?utm_medium=love_link\" target=\"_blank\">Wordpress Gallery Plugin Free<\/a>\n","protected":false},"excerpt":{"rendered":"<p>Z\u00a0Mikulova se m\u016f\u017eete prakticky vydat kter\u00fdmkoli sm\u011brem, v\u0161ude naleznete perfektn\u00ed pod\u00edvanou a spoustu z\u00e1\u017eitk\u016f. Pasohl\u00e1vky Osv\u011b\u017euj\u00edci\u00a0 elix\u00edr nam\u00edchan\u00fd z\u00a0mnoha ingredienc\u00ed: slunce, vody, ryba\u0159en\u00ed, sport\u016f, turistiky, odpo\u010dinku, moravsk\u00e9ho v\u00edna z\u00a0okoln\u00edch vinic a ovoce ze zdej\u0161\u00edch sad\u016f. To a je\u0161te mnohem v\u00edcneb\u00edzej\u00ed Pasohl\u00e1vky. Obec, kde slovo rekreace bezezbytku napl\u0148uje sv\u016fj v\u00fdznam. &nbsp; Sirot\u010d\u00ed hr\u00e1dek Ide\u00e1ln\u00ed m\u00edsto pro [&hellip;]<\/p>\n","protected":false},"author":1,"featured_media":0,"parent":0,"menu_order":0,"comment_status":"closed","ping_status":"closed","template":"","meta":{"footnotes":""},"class_list":["post-251","page","type-page","status-publish","hentry"],"_links":{"self":[{"href":"https:\/\/ammoto.eu\/index.php?rest_route=\/wp\/v2\/pages\/251","targetHints":{"allow":["GET"]}}],"collection":[{"href":"https:\/\/ammoto.eu\/index.php?rest_route=\/wp\/v2\/pages"}],"about":[{"href":"https:\/\/ammoto.eu\/index.php?rest_route=\/wp\/v2\/types\/page"}],"author":[{"embeddable":true,"href":"https:\/\/ammoto.eu\/index.php?rest_route=\/wp\/v2\/users\/1"}],"replies":[{"embeddable":true,"href":"https:\/\/ammoto.eu\/index.php?rest_route=%2Fwp%2Fv2%2Fcomments&post=251"}],"version-history":[{"count":10,"href":"https:\/\/ammoto.eu\/index.php?rest_route=\/wp\/v2\/pages\/251\/revisions"}],"predecessor-version":[{"id":449,"href":"https:\/\/ammoto.eu\/index.php?rest_route=\/wp\/v2\/pages\/251\/revisions\/449"}],"wp:attachment":[{"href":"https:\/\/ammoto.eu\/index.php?rest_route=%2Fwp%2Fv2%2Fmedia&parent=251"}],"curies":[{"name":"wp","href":"https:\/\/api.w.org\/{rel}","templated":true}]}}