{"id":70,"date":"2017-02-23T22:56:07","date_gmt":"2017-02-23T21:56:07","guid":{"rendered":"http:\/\/ammoto.eu\/?page_id=70"},"modified":"2019-01-27T18:29:42","modified_gmt":"2019-01-27T17:29:42","slug":"o-nas","status":"publish","type":"page","link":"https:\/\/ammoto.eu\/","title":{"rendered":"O n\u00e1s"},"content":{"rendered":"<p>&nbsp;<\/p>\n<p><span style=\"font-size: 18pt;\">P\u00faj\u010dovna sk\u00fatr\u00fa vznikla v roce 2016. M\u00e1me za sebou \u00fasp\u011b\u0161nou sez\u00f3nu a t\u011b\u0161\u00edme se na dal\u0161\u00ed. Neust\u00e1le pracujeme na zlep\u0161en\u00ed a sna\u017e\u00edme se p\u0159isp\u016fsobit Va\u0161im po\u017eadavk\u016fm.<\/span><\/p>\n<p><span style=\"font-size: 18pt;\">Nasedn\u011bte na sk\u00fatr a\u00a0vydejte se pozn\u00e1vat kr\u00e1sy Mikulovska, Lednicko-valtick\u00e9ho are\u00e1lu a\u00a0P\u00e1lavy. Stroj s\u00a0ve\u0161kerou v\u00fdbavou v\u00e1m p\u016fj\u010d\u00edme v\u00a0mikulovsk\u00e9m<\/span><\/p>\n<p><span style=\"font-size: 18pt;\"><a href=\"http:\/\/ammoto.eu\/\" target=\"_blank\" rel=\"nofollow noopener noreferrer\">AM Moto<\/a><\/span><\/p>\n<p>&nbsp;<\/p>\n<p><span style=\"font-size: 18pt;\">Te\u0161\u00edme se na V\u00e1s&#8230;<\/span><\/p>\n","protected":false},"excerpt":{"rendered":"<p>&nbsp; P\u00faj\u010dovna sk\u00fatr\u00fa vznikla v roce 2016. M\u00e1me za sebou \u00fasp\u011b\u0161nou sez\u00f3nu a t\u011b\u0161\u00edme se na dal\u0161\u00ed. Neust\u00e1le pracujeme na zlep\u0161en\u00ed a sna\u017e\u00edme se p\u0159isp\u016fsobit Va\u0161im po\u017eadavk\u016fm. Nasedn\u011bte na sk\u00fatr a\u00a0vydejte se pozn\u00e1vat kr\u00e1sy Mikulovska, Lednicko-valtick\u00e9ho are\u00e1lu a\u00a0P\u00e1lavy. Stroj s\u00a0ve\u0161kerou v\u00fdbavou v\u00e1m p\u016fj\u010d\u00edme v\u00a0mikulovsk\u00e9m AM Moto &nbsp; Te\u0161\u00edme se na V\u00e1s&#8230;<\/p>\n","protected":false},"author":1,"featured_media":0,"parent":0,"menu_order":0,"comment_status":"closed","ping_status":"closed","template":"","meta":{"footnotes":""},"class_list":["post-70","page","type-page","status-publish","hentry"],"_links":{"self":[{"href":"https:\/\/ammoto.eu\/index.php?rest_route=\/wp\/v2\/pages\/70","targetHints":{"allow":["GET"]}}],"collection":[{"href":"https:\/\/ammoto.eu\/index.php?rest_route=\/wp\/v2\/pages"}],"about":[{"href":"https:\/\/ammoto.eu\/index.php?rest_route=\/wp\/v2\/types\/page"}],"author":[{"embeddable":true,"href":"https:\/\/ammoto.eu\/index.php?rest_route=\/wp\/v2\/users\/1"}],"replies":[{"embeddable":true,"href":"https:\/\/ammoto.eu\/index.php?rest_route=%2Fwp%2Fv2%2Fcomments&post=70"}],"version-history":[{"count":23,"href":"https:\/\/ammoto.eu\/index.php?rest_route=\/wp\/v2\/pages\/70\/revisions"}],"predecessor-version":[{"id":771,"href":"https:\/\/ammoto.eu\/index.php?rest_route=\/wp\/v2\/pages\/70\/revisions\/771"}],"wp:attachment":[{"href":"https:\/\/ammoto.eu\/index.php?rest_route=%2Fwp%2Fv2%2Fmedia&parent=70"}],"curies":[{"name":"wp","href":"https:\/\/api.w.org\/{rel}","templated":true}]}}